{"id":40,"date":"2020-09-27T02:24:48","date_gmt":"2020-09-27T02:24:48","guid":{"rendered":"https:\/\/inverinvest.com\/?page_id=40"},"modified":"2022-12-22T22:19:31","modified_gmt":"2022-12-22T22:19:31","slug":"nosotros","status":"publish","type":"page","link":"https:\/\/inverinvest.com\/index.php\/nosotros\/","title":{"rendered":"Nosotros"},"content":{"rendered":"\t\t<div data-elementor-type=\"wp-page\" data-elementor-id=\"40\" class=\"elementor elementor-40\">\n\t\t\t\t\t\t<div class=\"elementor-inner\">\n\t\t\t\t<div class=\"elementor-section-wrap\">\n\t\t\t\t\t\t\t\t\t<section class=\"elementor-section elementor-top-section elementor-element elementor-element-42201d66 elementor-section-boxed elementor-section-height-default elementor-section-height-default exad-glass-effect-no exad-sticky-section-no\" data-id=\"42201d66\" data-element_type=\"section\" data-settings=\"{&quot;background_background&quot;:&quot;classic&quot;}\">\n\t\t\t\t\t\t<div class=\"elementor-container elementor-column-gap-default\">\n\t\t\t\t\t\t\t<div class=\"elementor-row\">\n\t\t\t\t\t<div class=\"elementor-column elementor-col-100 elementor-top-column elementor-element elementor-element-40f64cb6 exad-glass-effect-no exad-sticky-section-no\" data-id=\"40f64cb6\" data-element_type=\"column\">\n\t\t\t<div class=\"elementor-column-wrap elementor-element-populated\">\n\t\t\t\t\t\t\t<div class=\"elementor-widget-wrap\">\n\t\t\t\t\t\t<section class=\"elementor-section elementor-inner-section elementor-element elementor-element-44cd6ed6 elementor-section-boxed elementor-section-height-default elementor-section-height-default exad-glass-effect-no exad-sticky-section-no\" data-id=\"44cd6ed6\" data-element_type=\"section\">\n\t\t\t\t\t\t<div class=\"elementor-container elementor-column-gap-default\">\n\t\t\t\t\t\t\t<div class=\"elementor-row\">\n\t\t\t\t\t<div class=\"elementor-column elementor-col-50 elementor-inner-column elementor-element elementor-element-28159013 exad-glass-effect-no exad-sticky-section-no\" data-id=\"28159013\" data-element_type=\"column\">\n\t\t\t<div class=\"elementor-column-wrap elementor-element-populated\">\n\t\t\t\t\t\t\t<div class=\"elementor-widget-wrap\">\n\t\t\t\t\t\t<div class=\"elementor-element elementor-element-62108036 exad-sticky-section-no exad-glass-effect-no elementor-widget elementor-widget-image\" data-id=\"62108036\" data-element_type=\"widget\" data-widget_type=\"image.default\">\n\t\t\t\t<div class=\"elementor-widget-container\">\n\t\t\t\t\t\t\t\t<div class=\"elementor-image\">\n\t\t\t\t\t\t\t\t\t\t\t\t<img decoding=\"async\" width=\"600\" height=\"800\" src=\"https:\/\/inverinvest.com\/wp-content\/uploads\/2022\/12\/negocios.jpg\" class=\"attachment-large size-large\" alt=\"\" srcset=\"https:\/\/inverinvest.com\/wp-content\/uploads\/2022\/12\/negocios.jpg 600w, https:\/\/inverinvest.com\/wp-content\/uploads\/2022\/12\/negocios-225x300.jpg 225w\" sizes=\"(max-width: 600px) 100vw, 600px\" \/>\t\t\t\t\t\t\t\t\t\t\t\t\t\t<\/div>\n\t\t\t\t\t\t<\/div>\n\t\t\t\t<\/div>\n\t\t\t\t\t\t<\/div>\n\t\t\t\t\t<\/div>\n\t\t<\/div>\n\t\t\t\t<div class=\"elementor-column elementor-col-50 elementor-inner-column elementor-element elementor-element-2052b19c exad-glass-effect-no exad-sticky-section-no\" data-id=\"2052b19c\" data-element_type=\"column\">\n\t\t\t<div class=\"elementor-column-wrap elementor-element-populated\">\n\t\t\t\t\t\t\t<div class=\"elementor-widget-wrap\">\n\t\t\t\t\t\t<div class=\"elementor-element elementor-element-8ffc61e exad-sticky-section-no exad-glass-effect-no elementor-widget elementor-widget-heading\" data-id=\"8ffc61e\" data-element_type=\"widget\" data-widget_type=\"heading.default\">\n\t\t\t\t<div class=\"elementor-widget-container\">\n\t\t\t<h2 class=\"elementor-heading-title elementor-size-default\">\u00bfQui\u00e9nes somos?<\/h2>\t\t<\/div>\n\t\t\t\t<\/div>\n\t\t\t\t<div class=\"elementor-element elementor-element-3ba6e033 animated-slow exad-sticky-section-no exad-glass-effect-no elementor-invisible elementor-widget elementor-widget-text-editor\" data-id=\"3ba6e033\" data-element_type=\"widget\" data-settings=\"{&quot;_animation&quot;:&quot;fadeInUp&quot;}\" data-widget_type=\"text-editor.default\">\n\t\t\t\t<div class=\"elementor-widget-container\">\n\t\t\t\t\t\t\t\t<div class=\"elementor-text-editor elementor-clearfix\">\n\t\t\t\t<p>Somos una plataforma de negocios internacionales que nace como resultado del esfuerzo, experiencia y crecimiento del Dr. Crisanto Antonio Bello y un grupo multidisciplinario de empresas globales y altamente cualificadas, distribuidas estrat\u00e9gicamente en diversos pa\u00edses a nivel mundial. Nuestra evoluci\u00f3n en diferentes mercados internacionales da como resultado el nacimiento Inver Invest, agrupando los pilares y \u201cknow how\u201d adquiridos principalmente en Europa, Latinoam\u00e9rica y Norteam\u00e9rica, a trav\u00e9s de los cu\u00e1les hemos desarrollado una amplia experiencia en servicios internacionales.<\/p>\t\t\t\t\t<\/div>\n\t\t\t\t\t\t<\/div>\n\t\t\t\t<\/div>\n\t\t\t\t\t\t<\/div>\n\t\t\t\t\t<\/div>\n\t\t<\/div>\n\t\t\t\t\t\t\t\t<\/div>\n\t\t\t\t\t<\/div>\n\t\t<\/section>\n\t\t\t\t\t\t<\/div>\n\t\t\t\t\t<\/div>\n\t\t<\/div>\n\t\t\t\t\t\t\t\t<\/div>\n\t\t\t\t\t<\/div>\n\t\t<\/section>\n\t\t\t\t<section class=\"elementor-section elementor-top-section elementor-element elementor-element-68a19ce elementor-section-height-min-height elementor-section-boxed elementor-section-height-default elementor-section-items-middle exad-glass-effect-no exad-sticky-section-no\" data-id=\"68a19ce\" data-element_type=\"section\">\n\t\t\t\t\t\t<div class=\"elementor-container elementor-column-gap-no\">\n\t\t\t\t\t\t\t<div class=\"elementor-row\">\n\t\t\t\t\t<div class=\"elementor-column elementor-col-100 elementor-top-column elementor-element elementor-element-4da993b exad-glass-effect-no exad-sticky-section-no\" data-id=\"4da993b\" data-element_type=\"column\">\n\t\t\t<div class=\"elementor-column-wrap elementor-element-populated\">\n\t\t\t\t\t\t\t<div class=\"elementor-widget-wrap\">\n\t\t\t\t\t\t<div class=\"elementor-element elementor-element-21d96c0 animated-slow exad-sticky-section-no exad-glass-effect-no elementor-invisible elementor-widget elementor-widget-exad-infobox\" data-id=\"21d96c0\" data-element_type=\"widget\" data-settings=\"{&quot;_animation&quot;:&quot;fadeInUp&quot;}\" data-widget_type=\"exad-infobox.default\">\n\t\t\t\t<div class=\"elementor-widget-container\">\n\t\t\t\n\t\t<div class=\"exad-infobox\">\n\t\t\t<div class=\"exad-infobox-item exad-infobox-align-left exad-infobox-icon-position-left exad-infobox-enable-box-yes simple-transition\">\n\t\t\t  \t\t\t\t\t\t<div class=\"exad-infobox-icon\">\n\t\t\t\t\t\t\n\t\t\t\t\t\t<img decoding=\"async\" width=\"128\" height=\"128\" src=\"https:\/\/inverinvest.com\/wp-content\/uploads\/2022\/12\/transparencia.png\" class=\"attachment-medium_large size-medium_large\" alt=\"\" \/>\t\n\t\t\t\t\t<\/div>\n\t\t\t  \t\t            <div class=\"exad-infobox-content\">\n\t            \t\t            \t<h3 class=\"exad-infobox-content-title\">Misi\u00f3n<\/h3>\t            \t\n\t            \t<div class=\"exad-infobox-content-description\">El prop\u00f3sito fundamental de Inver Invest es brindar acompa\u00f1amiento y asesor\u00edas integrales con una visi\u00f3n global en las \u00e1reas migratorias, mercantil, fiscal, educaci\u00f3n internacional, contable y financiera enfocada en el desarrollo y planeaci\u00f3n de  negocios internacionales, que supla las necesidades  actuales y futuras de cada uno de nuestros clientes y aliados en los diferentes pa\u00edses de Europa, Latinoam\u00e9rica y Norteam\u00e9rica, contribuyendo de forma significativa a su internacionalizaci\u00f3n.<\/div>\t            <\/div>\n          \t<\/div>\n        <\/div>\n\t\t\t\t<\/div>\n\t\t\t\t<\/div>\n\t\t\t\t\t\t<\/div>\n\t\t\t\t\t<\/div>\n\t\t<\/div>\n\t\t\t\t\t\t\t\t<\/div>\n\t\t\t\t\t<\/div>\n\t\t<\/section>\n\t\t\t\t<section class=\"elementor-section elementor-top-section elementor-element elementor-element-073e672 elementor-section-height-min-height elementor-section-boxed elementor-section-height-default elementor-section-items-middle exad-glass-effect-no exad-sticky-section-no\" data-id=\"073e672\" data-element_type=\"section\">\n\t\t\t\t\t\t<div class=\"elementor-container elementor-column-gap-no\">\n\t\t\t\t\t\t\t<div class=\"elementor-row\">\n\t\t\t\t\t<div class=\"elementor-column elementor-col-100 elementor-top-column elementor-element elementor-element-25c5331 exad-glass-effect-no exad-sticky-section-no\" data-id=\"25c5331\" data-element_type=\"column\">\n\t\t\t<div class=\"elementor-column-wrap elementor-element-populated\">\n\t\t\t\t\t\t\t<div class=\"elementor-widget-wrap\">\n\t\t\t\t\t\t<div class=\"elementor-element elementor-element-1572c91 animated-slow exad-sticky-section-no exad-glass-effect-no elementor-invisible elementor-widget elementor-widget-exad-infobox\" data-id=\"1572c91\" data-element_type=\"widget\" data-settings=\"{&quot;_animation&quot;:&quot;fadeInUp&quot;}\" data-widget_type=\"exad-infobox.default\">\n\t\t\t\t<div class=\"elementor-widget-container\">\n\t\t\t\n\t\t<div class=\"exad-infobox\">\n\t\t\t<div class=\"exad-infobox-item exad-infobox-align-left exad-infobox-icon-position-left exad-infobox-enable-box-yes simple-transition\">\n\t\t\t  \t\t\t\t\t\t<div class=\"exad-infobox-icon\">\n\t\t\t\t\t\t\n\t\t\t\t\t\t<img decoding=\"async\" width=\"128\" height=\"128\" src=\"https:\/\/inverinvest.com\/wp-content\/uploads\/2022\/12\/escala-de-justicia.png\" class=\"attachment-medium_large size-medium_large\" alt=\"\" \/>\t\n\t\t\t\t\t<\/div>\n\t\t\t  \t\t            <div class=\"exad-infobox-content\">\n\t            \t\t            \t<h3 class=\"exad-infobox-content-title\">Visi\u00f3n<\/h3>\t            \t\n\t            \t<div class=\"exad-infobox-content-description\">Nuestro objetivo es desarrollar una plataforma de negocios global con m\u00faltiples servicios internacionales que brinde la oportunidad a personas, emprendedores y empresas, de transformar su operaci\u00f3n local en internacional y, a trav\u00e9s de nuestro acompa\u00f1amiento, asesor\u00edas y prestaci\u00f3n de servicios, convertirnos en facilitadores de su crecimiento econ\u00f3mico y empresarial, consolidando sus relaciones comerciales con clientes, proveedores y aliados en todo el mundo. <\/div>\t            <\/div>\n          \t<\/div>\n        <\/div>\n\t\t\t\t<\/div>\n\t\t\t\t<\/div>\n\t\t\t\t\t\t<\/div>\n\t\t\t\t\t<\/div>\n\t\t<\/div>\n\t\t\t\t\t\t\t\t<\/div>\n\t\t\t\t\t<\/div>\n\t\t<\/section>\n\t\t\t\t\t\t\t\t\t<\/div>\n\t\t\t<\/div>\n\t\t\t\t\t<\/div>\n\t\t","protected":false},"excerpt":{"rendered":"<p>\u00bfQui\u00e9nes somos? Somos una plataforma de negocios internacionales que nace como resultado del esfuerzo, experiencia y crecimiento del Dr. Crisanto Antonio Bello y un grupo multidisciplinario de empresas globales y&#8230;<\/p>\n","protected":false},"author":1,"featured_media":0,"parent":0,"menu_order":0,"comment_status":"closed","ping_status":"open","template":"","meta":{"_eb_attr":"","_EventAllDay":false,"_EventTimezone":"","_EventStartDate":"","_EventEndDate":"","_EventStartDateUTC":"","_EventEndDateUTC":"","_EventShowMap":false,"_EventShowMapLink":false,"_EventURL":"","_EventCost":"","_EventCostDescription":"","_EventCurrencySymbol":"","_EventCurrencyCode":"","_EventCurrencyPosition":"","_EventDateTimeSeparator":"","_EventTimeRangeSeparator":"","_EventOrganizerID":[],"_EventVenueID":0,"_OrganizerEmail":"","_OrganizerPhone":"","_OrganizerWebsite":"","_VenueAddress":"","_VenueCity":"","_VenueCountry":"","_VenueProvince":"","_VenueZip":"","_VenuePhone":"","_VenueURL":"","_VenueStateProvince":"","_VenueLat":"","_VenueLng":"","_kad_post_transparent":"","_kad_post_title":"hide","_kad_post_layout":"fullwidth","_kad_post_sidebar_id":"","_kad_post_content_style":"unboxed","_kad_post_vertical_padding":"hide","_kad_post_feature":"hide","_kad_post_feature_position":"","_kad_post_header":false,"_kad_post_footer":false,"_joinchat":[],"footnotes":""},"class_list":["post-40","page","type-page","status-publish","hentry"],"_links":{"self":[{"href":"https:\/\/inverinvest.com\/index.php\/wp-json\/wp\/v2\/pages\/40","targetHints":{"allow":["GET"]}}],"collection":[{"href":"https:\/\/inverinvest.com\/index.php\/wp-json\/wp\/v2\/pages"}],"about":[{"href":"https:\/\/inverinvest.com\/index.php\/wp-json\/wp\/v2\/types\/page"}],"author":[{"embeddable":true,"href":"https:\/\/inverinvest.com\/index.php\/wp-json\/wp\/v2\/users\/1"}],"replies":[{"embeddable":true,"href":"https:\/\/inverinvest.com\/index.php\/wp-json\/wp\/v2\/comments?post=40"}],"version-history":[{"count":13,"href":"https:\/\/inverinvest.com\/index.php\/wp-json\/wp\/v2\/pages\/40\/revisions"}],"predecessor-version":[{"id":2907,"href":"https:\/\/inverinvest.com\/index.php\/wp-json\/wp\/v2\/pages\/40\/revisions\/2907"}],"wp:attachment":[{"href":"https:\/\/inverinvest.com\/index.php\/wp-json\/wp\/v2\/media?parent=40"}],"curies":[{"name":"wp","href":"https:\/\/api.w.org\/{rel}","templated":true}]}}