{"id":2239,"date":"2022-11-30T14:41:45","date_gmt":"2022-11-30T14:41:45","guid":{"rendered":"https:\/\/inverinvest.com\/?page_id=2239"},"modified":"2023-02-17T16:00:51","modified_gmt":"2023-02-17T16:00:51","slug":"pagos-en-linea","status":"publish","type":"page","link":"https:\/\/inverinvest.com\/index.php\/pagos-en-linea\/","title":{"rendered":"Pagos en l\u00ednea"},"content":{"rendered":"\t\t<div data-elementor-type=\"wp-page\" data-elementor-id=\"2239\" class=\"elementor elementor-2239\">\n\t\t\t\t\t\t<div class=\"elementor-inner\">\n\t\t\t\t<div class=\"elementor-section-wrap\">\n\t\t\t\t\t\t\t\t\t<section class=\"elementor-section elementor-top-section elementor-element elementor-element-2b0d4ae0 elementor-section-full_width elementor-section-height-min-height elementor-section-items-top elementor-section-stretched elementor-section-height-default exad-glass-effect-no exad-sticky-section-no\" data-id=\"2b0d4ae0\" data-element_type=\"section\" data-settings=\"{&quot;background_background&quot;:&quot;classic&quot;,&quot;stretch_section&quot;:&quot;section-stretched&quot;}\">\n\t\t\t\t\t\t\t<div class=\"elementor-background-overlay\"><\/div>\n\t\t\t\t\t\t\t<div class=\"elementor-container elementor-column-gap-default\">\n\t\t\t\t\t\t\t<div class=\"elementor-row\">\n\t\t\t\t\t<div class=\"elementor-column elementor-col-100 elementor-top-column elementor-element elementor-element-7ec95d82 exad-glass-effect-no exad-sticky-section-no\" data-id=\"7ec95d82\" data-element_type=\"column\">\n\t\t\t<div class=\"elementor-column-wrap elementor-element-populated\">\n\t\t\t\t\t\t\t<div class=\"elementor-widget-wrap\">\n\t\t\t\t\t\t<section class=\"elementor-section elementor-inner-section elementor-element elementor-element-6a3d5554 elementor-section-height-min-height elementor-section-boxed elementor-section-height-default exad-glass-effect-no exad-sticky-section-no\" data-id=\"6a3d5554\" data-element_type=\"section\">\n\t\t\t\t\t\t<div class=\"elementor-container elementor-column-gap-default\">\n\t\t\t\t\t\t\t<div class=\"elementor-row\">\n\t\t\t\t\t<div class=\"elementor-column elementor-col-33 elementor-inner-column elementor-element elementor-element-dee53a3 exad-glass-effect-no exad-sticky-section-no\" data-id=\"dee53a3\" data-element_type=\"column\">\n\t\t\t<div class=\"elementor-column-wrap elementor-element-populated\">\n\t\t\t\t\t\t\t<div class=\"elementor-widget-wrap\">\n\t\t\t\t\t\t<div class=\"elementor-element elementor-element-9ffe445 exad-sticky-section-no exad-glass-effect-no elementor-widget elementor-widget-heading\" data-id=\"9ffe445\" data-element_type=\"widget\" data-widget_type=\"heading.default\">\n\t\t\t\t<div class=\"elementor-widget-container\">\n\t\t\t<h2 class=\"elementor-heading-title elementor-size-default\">Bienvenido a <br> Pagos en L\u00ednea<\/h2>\t\t<\/div>\n\t\t\t\t<\/div>\n\t\t\t\t<div class=\"elementor-element elementor-element-3f6a3fa exad-sticky-section-no exad-glass-effect-no elementor-widget elementor-widget-text-editor\" data-id=\"3f6a3fa\" data-element_type=\"widget\" data-widget_type=\"text-editor.default\">\n\t\t\t\t<div class=\"elementor-widget-container\">\n\t\t\t\t\t\t\t\t<div class=\"elementor-text-editor elementor-clearfix\">\n\t\t\t\t<p style=\"text-align: left;\">Selecciona el medio de pago que desees<\/p>\t\t\t\t\t<\/div>\n\t\t\t\t\t\t<\/div>\n\t\t\t\t<\/div>\n\t\t\t\t\t\t<\/div>\n\t\t\t\t\t<\/div>\n\t\t<\/div>\n\t\t\t\t<div class=\"elementor-column elementor-col-33 elementor-inner-column elementor-element elementor-element-56758c98 exad-glass-effect-no exad-sticky-section-no\" data-id=\"56758c98\" data-element_type=\"column\">\n\t\t\t<div class=\"elementor-column-wrap elementor-element-populated\">\n\t\t\t\t\t\t\t<div class=\"elementor-widget-wrap\">\n\t\t\t\t\t\t<div class=\"elementor-element elementor-element-1dbdc81b exad-sticky-section-no exad-glass-effect-no elementor-widget elementor-widget-exad-exclusive-card\" data-id=\"1dbdc81b\" data-element_type=\"widget\" data-widget_type=\"exad-exclusive-card.default\">\n\t\t\t\t<div class=\"elementor-widget-container\">\n\t\t\t\n\t\t<div class=\"exad-card left default \">\n\t\t\t\n          \t<div class=\"exad-card-body\">\n\t\t\t  \t          \t\t<a class=\"exad-card-title\" href=\"http:\/\/link.mercadopago.com.co\/inverinvest\" target=\"_blank\">\n\t            \t\t<span >Tarjeta de <br \/> cr\u00e9dito o d\u00e9bito<\/span>\n\t        \t\t<\/a>\n\t\t\t\t\t\t\t\t\t\t<a class=\"exad-card-action\" href=\"http:\/\/link.mercadopago.com.co\/inverinvest\" target=\"_blank\">\n\t\t\t\t\t\t\n\t\t\t\t\t\t<span >\n\t\t\t\t\t\t\tIr a pagar\t\t\t\t\t\t<\/span>\n\n\t\t\t\t\t\t\t            \t<\/a>\n\t\t\t\t          \t<\/div>\n        <\/div>\n\t\t\t<\/div>\n\t\t\t\t<\/div>\n\t\t\t\t<div class=\"elementor-element elementor-element-2286489 exad-sticky-section-no exad-glass-effect-no elementor-widget elementor-widget-exad-exclusive-card\" data-id=\"2286489\" data-element_type=\"widget\" data-widget_type=\"exad-exclusive-card.default\">\n\t\t\t\t<div class=\"elementor-widget-container\">\n\t\t\t\n\t\t<div class=\"exad-card left default \">\n\t\t\t\n          \t<div class=\"exad-card-body\">\n\t\t\t  \t          \t\t<a class=\"exad-card-title\" href=\"http:\/\/link.mercadopago.com.co\/inverinvest\" target=\"_blank\">\n\t            \t\t<span >Pagos PSE<\/span>\n\t        \t\t<\/a>\n\t\t\t\t\t\t\t\t\t\t<a class=\"exad-card-action\" href=\"http:\/\/link.mercadopago.com.co\/inverinvest\" target=\"_blank\">\n\t\t\t\t\t\t\n\t\t\t\t\t\t<span >\n\t\t\t\t\t\t\tPagar\t\t\t\t\t\t<\/span>\n\n\t\t\t\t\t\t\t            \t<\/a>\n\t\t\t\t          \t<\/div>\n        <\/div>\n\t\t\t<\/div>\n\t\t\t\t<\/div>\n\t\t\t\t\t\t<\/div>\n\t\t\t\t\t<\/div>\n\t\t<\/div>\n\t\t\t\t<div class=\"elementor-column elementor-col-33 elementor-inner-column elementor-element elementor-element-a1a2045 exad-glass-effect-no exad-sticky-section-no\" data-id=\"a1a2045\" data-element_type=\"column\">\n\t\t\t<div class=\"elementor-column-wrap elementor-element-populated\">\n\t\t\t\t\t\t\t<div class=\"elementor-widget-wrap\">\n\t\t\t\t\t\t<div class=\"elementor-element elementor-element-770c5da exad-sticky-section-no exad-glass-effect-no elementor-widget elementor-widget-exad-exclusive-card\" data-id=\"770c5da\" data-element_type=\"widget\" data-widget_type=\"exad-exclusive-card.default\">\n\t\t\t\t<div class=\"elementor-widget-container\">\n\t\t\t\n\t\t<div class=\"exad-card left default \">\n\t\t\t\n          \t<div class=\"exad-card-body\">\n\t\t\t  \t          \t\t<a class=\"exad-card-title\" href=\"https:\/\/inverinvest.com\/index.php\/registrar-pago\/\" target=\"_blank\">\n\t            \t\t<span >\u00bfYa pagaste?<\/span>\n\t        \t\t<\/a>\n\t\t\t\t\t\t\t\t\t\t<a class=\"exad-card-action\" href=\"https:\/\/inverinvest.com\/index.php\/registrar-pago\/\" target=\"_blank\">\n\t\t\t\t\t\t\n\t\t\t\t\t\t<span >\n\t\t\t\t\t\t\tRegistra tu pago\t\t\t\t\t\t<\/span>\n\n\t\t\t\t\t\t\t            \t<\/a>\n\t\t\t\t          \t<\/div>\n        <\/div>\n\t\t\t<\/div>\n\t\t\t\t<\/div>\n\t\t\t\t<div class=\"exad-link-anything-wrapper elementor-element elementor-element-8e326fa exad-sticky-section-no exad-glass-effect-no elementor-widget elementor-widget-exad-exclusive-card\" data-exad-element-link=\"{&quot;url&quot;:&quot;#elementor-action%3Aaction%3Dpopup%3Aopen%26settings%3DeyJpZCI6IjI0NTIiLCJ0b2dnbGUiOmZhbHNlfQ%3D%3D&quot;,&quot;is_external&quot;:&quot;&quot;,&quot;nofollow&quot;:&quot;&quot;,&quot;custom_attributes&quot;:&quot;&quot;}\" style=\"cursor: pointer\" data-id=\"8e326fa\" data-element_type=\"widget\" data-widget_type=\"exad-exclusive-card.default\">\n\t\t\t\t<div class=\"elementor-widget-container\">\n\t\t\t\n\t\t<div class=\"exad-card left default \">\n\t\t\t\n          \t<div class=\"exad-card-body\">\n\t\t\t  \t          \t\t<a class=\"exad-card-title\">\n\t            \t\t<span >Transferencias<\/span>\n\t        \t\t<\/a>\n\t\t\t\t\t\t\t\t\t\t<a class=\"exad-card-action\">\n\t\t\t\t\t\t\n\t\t\t\t\t\t<span >\n\t\t\t\t\t\t\tVer cuentas\t\t\t\t\t\t<\/span>\n\n\t\t\t\t\t\t\t            \t<\/a>\n\t\t\t\t          \t<\/div>\n        <\/div>\n\t\t\t<\/div>\n\t\t\t\t<\/div>\n\t\t\t\t\t\t<\/div>\n\t\t\t\t\t<\/div>\n\t\t<\/div>\n\t\t\t\t\t\t\t\t<\/div>\n\t\t\t\t\t<\/div>\n\t\t<\/section>\n\t\t\t\t\t\t<\/div>\n\t\t\t\t\t<\/div>\n\t\t<\/div>\n\t\t\t\t\t\t\t\t<\/div>\n\t\t\t\t\t<\/div>\n\t\t<\/section>\n\t\t\t\t\t\t\t\t\t<\/div>\n\t\t\t<\/div>\n\t\t\t\t\t<\/div>\n\t\t","protected":false},"excerpt":{"rendered":"<p>Bienvenido a Pagos en L\u00ednea Selecciona el medio de pago que desees Tarjeta de cr\u00e9dito o d\u00e9bito Ir a pagar Pagos PSE Pagar \u00bfYa pagaste? Registra tu pago Transferencias Ver&#8230;<\/p>\n","protected":false},"author":1,"featured_media":0,"parent":0,"menu_order":0,"comment_status":"closed","ping_status":"closed","template":"","meta":{"_eb_attr":"","_EventAllDay":false,"_EventTimezone":"","_EventStartDate":"","_EventEndDate":"","_EventStartDateUTC":"","_EventEndDateUTC":"","_EventShowMap":false,"_EventShowMapLink":false,"_EventURL":"","_EventCost":"","_EventCostDescription":"","_EventCurrencySymbol":"","_EventCurrencyCode":"","_EventCurrencyPosition":"","_EventDateTimeSeparator":"","_EventTimeRangeSeparator":"","_EventOrganizerID":[],"_EventVenueID":0,"_OrganizerEmail":"","_OrganizerPhone":"","_OrganizerWebsite":"","_VenueAddress":"","_VenueCity":"","_VenueCountry":"","_VenueProvince":"","_VenueZip":"","_VenuePhone":"","_VenueURL":"","_VenueStateProvince":"","_VenueLat":"","_VenueLng":"","_kad_post_transparent":"","_kad_post_title":"","_kad_post_layout":"","_kad_post_sidebar_id":"","_kad_post_content_style":"","_kad_post_vertical_padding":"","_kad_post_feature":"","_kad_post_feature_position":"","_kad_post_header":false,"_kad_post_footer":false,"_joinchat":[],"footnotes":""},"class_list":["post-2239","page","type-page","status-publish","hentry"],"_links":{"self":[{"href":"https:\/\/inverinvest.com\/index.php\/wp-json\/wp\/v2\/pages\/2239","targetHints":{"allow":["GET"]}}],"collection":[{"href":"https:\/\/inverinvest.com\/index.php\/wp-json\/wp\/v2\/pages"}],"about":[{"href":"https:\/\/inverinvest.com\/index.php\/wp-json\/wp\/v2\/types\/page"}],"author":[{"embeddable":true,"href":"https:\/\/inverinvest.com\/index.php\/wp-json\/wp\/v2\/users\/1"}],"replies":[{"embeddable":true,"href":"https:\/\/inverinvest.com\/index.php\/wp-json\/wp\/v2\/comments?post=2239"}],"version-history":[{"count":115,"href":"https:\/\/inverinvest.com\/index.php\/wp-json\/wp\/v2\/pages\/2239\/revisions"}],"predecessor-version":[{"id":2968,"href":"https:\/\/inverinvest.com\/index.php\/wp-json\/wp\/v2\/pages\/2239\/revisions\/2968"}],"wp:attachment":[{"href":"https:\/\/inverinvest.com\/index.php\/wp-json\/wp\/v2\/media?parent=2239"}],"curies":[{"name":"wp","href":"https:\/\/api.w.org\/{rel}","templated":true}]}}